{"id":8938,"date":"2026-03-16T22:31:33","date_gmt":"2026-03-16T22:31:33","guid":{"rendered":"https:\/\/invokelive.com\/?page_id=8938"},"modified":"2026-03-21T15:09:49","modified_gmt":"2026-03-21T15:09:49","slug":"patyrimines-keliones","status":"publish","type":"page","link":"https:\/\/invokelive.com\/en\/patyrimines-keliones\/","title":{"rendered":"Experiential Journeys"},"content":{"rendered":"<div data-elementor-type=\"wp-page\" data-elementor-id=\"8938\" class=\"elementor elementor-8938\" data-elementor-post-type=\"page\">\n\t\t\t\t<div class=\"elementor-element elementor-element-09d8221 e-con-full e-flex sc_layouts_column_icons_position_left e-con e-parent\" data-id=\"09d8221\" data-element_type=\"container\" data-e-type=\"container\" data-settings=\"{&quot;background_background&quot;:&quot;classic&quot;}\">\n\t\t<div class=\"e-con-gap-no elementor-element elementor-element-adc5f25 e-con-full e-flex sc_layouts_column_icons_position_left e-con e-child\" data-id=\"adc5f25\" data-element_type=\"container\" data-e-type=\"container\">\n\t\t<div class=\"elementor-element elementor-element-871c2a4 e-con-full sc_column_fixed e-flex sc_layouts_column_icons_position_left e-con e-child\" data-id=\"871c2a4\" data-element_type=\"container\" data-e-type=\"container\">\n\t\t\t\t<div data-animation-type=\"block\" class=\"elementor-element elementor-element-e618b76 animation_type_block sc_fly_static elementor-invisible elementor-widget elementor-widget-image\" data-id=\"e618b76\" data-element_type=\"widget\" data-e-type=\"widget\" data-settings=\"{&quot;_animation&quot;:&quot;ta_fadeinup&quot;,&quot;_animation_delay&quot;:100}\" data-widget_type=\"image.default\">\n\t\t\t\t<div class=\"elementor-widget-container\">\n\t\t\t\t\t\t\t\t\t\t\t\t\t\t\t<img fetchpriority=\"high\" decoding=\"async\" width=\"1080\" height=\"1080\" src=\"https:\/\/invokelive.com\/wp-content\/uploads\/2026\/03\/1-1.png\" class=\"attachment-full size-full wp-image-9186\" alt=\"\" srcset=\"https:\/\/invokelive.com\/wp-content\/uploads\/2026\/03\/1-1.png 1080w, https:\/\/invokelive.com\/wp-content\/uploads\/2026\/03\/1-1-300x300.png 300w, https:\/\/invokelive.com\/wp-content\/uploads\/2026\/03\/1-1-1024x1024.png 1024w, https:\/\/invokelive.com\/wp-content\/uploads\/2026\/03\/1-1-150x150.png 150w, https:\/\/invokelive.com\/wp-content\/uploads\/2026\/03\/1-1-768x768.png 768w, https:\/\/invokelive.com\/wp-content\/uploads\/2026\/03\/1-1-12x12.png 12w, https:\/\/invokelive.com\/wp-content\/uploads\/2026\/03\/1-1-370x370.png 370w, https:\/\/invokelive.com\/wp-content\/uploads\/2026\/03\/1-1-90x90.png 90w, https:\/\/invokelive.com\/wp-content\/uploads\/2026\/03\/1-1-924x924.png 924w, https:\/\/invokelive.com\/wp-content\/uploads\/2026\/03\/1-1-410x410.png 410w\" sizes=\"(max-width: 1080px) 100vw, 1080px\" \/>\t\t\t\t\t\t\t\t\t\t\t\t\t\t\t<\/div>\n\t\t\t\t<\/div>\n\t\t\t\t<\/div>\n\t\t\t\t<\/div>\n\t\t<div class=\"elementor-element elementor-element-eb6fa53 e-con-full sc-tablet_inner_width_none e-flex sc_layouts_column_icons_position_left e-con e-child\" data-id=\"eb6fa53\" data-element_type=\"container\" data-e-type=\"container\">\n\t\t\t\t<div data-animation-type=\"block\" class=\"elementor-element elementor-element-5b69be4 animation_type_block sc_fly_static elementor-invisible elementor-widget elementor-widget-heading\" data-id=\"5b69be4\" data-element_type=\"widget\" data-e-type=\"widget\" data-settings=\"{&quot;_animation&quot;:&quot;ta_fadeinup&quot;}\" data-widget_type=\"heading.default\">\n\t\t\t\t<div class=\"elementor-widget-container\">\n\t\t\t\t\t<h6 class=\"elementor-heading-title elementor-size-default\">Philosophy<\/h6>\t\t\t\t<\/div>\n\t\t\t\t<\/div>\n\t\t\t\t<div data-animation-type=\"block\" class=\"elementor-element elementor-element-c30360e elementor-widget__width-initial animation_type_block sc_fly_static elementor-invisible elementor-widget elementor-widget-heading\" data-id=\"c30360e\" data-element_type=\"widget\" data-e-type=\"widget\" data-settings=\"{&quot;_animation&quot;:&quot;ta_fadeinup&quot;,&quot;_animation_delay&quot;:100}\" data-widget_type=\"heading.default\">\n\t\t\t\t<div class=\"elementor-widget-container\">\n\t\t\t\t\t<h2 class=\"elementor-heading-title elementor-size-default\">We design experiences.<\/h2>\t\t\t\t<\/div>\n\t\t\t\t<\/div>\n\t\t\t\t<div data-animation-type=\"block\" class=\"elementor-element elementor-element-1825d10 elementor-widget__width-initial animation_type_block sc_fly_static elementor-invisible elementor-widget elementor-widget-text-editor\" data-id=\"1825d10\" data-element_type=\"widget\" data-e-type=\"widget\" data-settings=\"{&quot;_animation&quot;:&quot;ta_fadeinup&quot;,&quot;_animation_delay&quot;:100}\" data-widget_type=\"text-editor.default\">\n\t\t\t\t<div class=\"elementor-widget-container\">\n\t\t\t\t\t\t\t\t\t<p data-start=\"252\" data-end=\"297\"><strong data-start=\"252\" data-end=\"297\">Experiential journeys and VIP retreats<br \/><\/strong><\/p><p data-start=\"318\" data-end=\"485\">Invoke Live designs experiential journeys, executive retreats, workation programs, and curated travel experiences \u2014 from corporate teams to communities and special interest groups.<\/p><p data-start=\"487\" data-end=\"722\">This may take the form of a strategic leadership retreat, a team workation, a creative retreat, or a themed gathering. In every case, the journey is designed as a shared experience where the location, program, and activities are woven into a coherent narrative.<\/p><p data-start=\"724\" data-end=\"927\">These trips combine rest, work, culture, and shared experiences \u2014 from unexpected locations and curated dining to activities that help people connect more deeply with each other and with the place itself.<\/p><p data-start=\"929\" data-end=\"1055\">Groups can vary in size, from intimate retreats to large communities or corporate groups in destinations around the world.<\/p><p data-start=\"840\" data-end=\"1018\">Invoke Live designs the travel concept and experience architecture, while the practical implementation \u2014 logistics, bookings, and travel organization \u2014 is handled by licensed partners.<\/p><p data-start=\"1020\" data-end=\"1107\">As a result, each journey becomes not just a trip, but a carefully designed experience.<\/p>\t\t\t\t\t\t\t\t<\/div>\n\t\t\t\t<\/div>\n\t\t\t\t<\/div>\n\t\t\t\t<\/div>\n\t\t<div class=\"elementor-element elementor-element-5d4d8f5 e-con-full e-flex sc_layouts_column_icons_position_left e-con e-parent\" data-id=\"5d4d8f5\" data-element_type=\"container\" data-e-type=\"container\">\n\t\t\t\t<div class=\"elementor-element elementor-element-ff9980d sc_fly_static elementor-widget elementor-widget-heading\" data-id=\"ff9980d\" data-element_type=\"widget\" data-e-type=\"widget\" data-widget_type=\"heading.default\">\n\t\t\t\t<div class=\"elementor-widget-container\">\n\t\t\t\t\t<h2 class=\"elementor-heading-title elementor-size-default\">Looking for exceptional experiences abroad?<\/h2>\t\t\t\t<\/div>\n\t\t\t\t<\/div>\n\t\t\t\t<div class=\"elementor-element elementor-element-b55cd20 sc_fly_static elementor-widget elementor-widget-heading\" data-id=\"b55cd20\" data-element_type=\"widget\" data-e-type=\"widget\" data-widget_type=\"heading.default\">\n\t\t\t\t<div class=\"elementor-widget-container\">\n\t\t\t\t\t<h2 class=\"elementor-heading-title elementor-size-default\">Let\u2019s create your experiential journey.<\/h2>\t\t\t\t<\/div>\n\t\t\t\t<\/div>\n\t\t\t\t<div class=\"elementor-element elementor-element-04cae35 elementor-align-center sc_fly_static elementor-widget elementor-widget-button\" data-id=\"04cae35\" data-element_type=\"widget\" data-e-type=\"widget\" data-widget_type=\"button.default\">\n\t\t\t\t<div class=\"elementor-widget-container\">\n\t\t\t\t\t\t\t\t\t<div class=\"elementor-button-wrapper\">\n\t\t\t\t\t<a class=\"elementor-button elementor-button-link elementor-size-sm\" href=\"mailto:info@invokelive.com\">\n\t\t\t\t\t\t<span class=\"elementor-button-content-wrapper\">\n\t\t\t\t\t\t\t\t\t<span class=\"elementor-button-text\">Discuss the project<\/span>\n\t\t\t\t\t<\/span>\n\t\t\t\t\t<\/a>\n\t\t\t\t<\/div>\n\t\t\t\t\t\t\t\t<\/div>\n\t\t\t\t<\/div>\n\t\t\t\t<\/div>\n\t\t\t\t<\/div>","protected":false},"excerpt":{"rendered":"<p>Filosofija Mes projektuojame patirtis. Patyrimin\u0117s kelion\u0117s ir VIP retreatai \u201eInvoke Live\u201c kuria patyrimines&hellip;<\/p>","protected":false},"author":2,"featured_media":0,"parent":0,"menu_order":0,"comment_status":"closed","ping_status":"closed","template":"","meta":{"footnotes":""},"class_list":["post-8938","page","type-page","status-publish","hentry"],"yoast_head":"<!-- This site is optimized with the Yoast SEO plugin v27.2 - https:\/\/yoast.com\/product\/yoast-seo-wordpress\/ -->\n<title>Patyrimin\u0117s kelion\u0117s: Strategin\u0117s i\u0161vykos vadov\u0173 komandoms<\/title>\n<meta name=\"description\" content=\"Patyrimin\u0117s kelion\u0117s \u012fmon\u0117ms ir vadov\u0173 i\u0161vykos, kurios stiprina komandos ry\u0161\u012f. Pasir\u016bpinsime unikaliu turiniu j\u016bs\u0173 verslo s\u0117kmei.\" \/>\n<meta name=\"robots\" content=\"index, follow, max-snippet:-1, max-image-preview:large, max-video-preview:-1\" \/>\n<link rel=\"canonical\" href=\"https:\/\/invokelive.com\/en\/patyrimines-keliones\/\" \/>\n<meta property=\"og:locale\" content=\"en_US\" \/>\n<meta property=\"og:type\" content=\"article\" \/>\n<meta property=\"og:title\" content=\"Patyrimin\u0117s kelion\u0117s: Strategin\u0117s i\u0161vykos vadov\u0173 komandoms\" \/>\n<meta property=\"og:description\" content=\"Patyrimin\u0117s kelion\u0117s \u012fmon\u0117ms ir vadov\u0173 i\u0161vykos, kurios stiprina komandos ry\u0161\u012f. Pasir\u016bpinsime unikaliu turiniu j\u016bs\u0173 verslo s\u0117kmei.\" \/>\n<meta property=\"og:url\" content=\"https:\/\/invokelive.com\/en\/patyrimines-keliones\/\" \/>\n<meta property=\"og:site_name\" content=\"Invokelive.com\" \/>\n<meta property=\"article:modified_time\" content=\"2026-03-21T15:09:49+00:00\" \/>\n<meta property=\"og:image\" content=\"https:\/\/invokelive.com\/wp-content\/uploads\/2026\/03\/1-1.png\" \/>\n<meta name=\"twitter:card\" content=\"summary_large_image\" \/>\n<meta name=\"twitter:label1\" content=\"Est. reading time\" \/>\n\t<meta name=\"twitter:data1\" content=\"1 minute\" \/>\n<script type=\"application\/ld+json\" class=\"yoast-schema-graph\">{\"@context\":\"https:\/\/schema.org\",\"@graph\":[{\"@type\":\"WebPage\",\"@id\":\"https:\/\/invokelive.com\/patyrimines-keliones\/\",\"url\":\"https:\/\/invokelive.com\/patyrimines-keliones\/\",\"name\":\"Patyrimin\u0117s kelion\u0117s: Strategin\u0117s i\u0161vykos vadov\u0173 komandoms\",\"isPartOf\":{\"@id\":\"https:\/\/invokelive.com\/#website\"},\"primaryImageOfPage\":{\"@id\":\"https:\/\/invokelive.com\/patyrimines-keliones\/#primaryimage\"},\"image\":{\"@id\":\"https:\/\/invokelive.com\/patyrimines-keliones\/#primaryimage\"},\"thumbnailUrl\":\"https:\/\/invokelive.com\/wp-content\/uploads\/2026\/03\/1-1.png\",\"datePublished\":\"2026-03-16T22:31:33+00:00\",\"dateModified\":\"2026-03-21T15:09:49+00:00\",\"description\":\"Patyrimin\u0117s kelion\u0117s \u012fmon\u0117ms ir vadov\u0173 i\u0161vykos, kurios stiprina komandos ry\u0161\u012f. Pasir\u016bpinsime unikaliu turiniu j\u016bs\u0173 verslo s\u0117kmei.\",\"breadcrumb\":{\"@id\":\"https:\/\/invokelive.com\/patyrimines-keliones\/#breadcrumb\"},\"inLanguage\":\"en-US\",\"potentialAction\":[{\"@type\":\"ReadAction\",\"target\":[\"https:\/\/invokelive.com\/patyrimines-keliones\/\"]}]},{\"@type\":\"ImageObject\",\"inLanguage\":\"en-US\",\"@id\":\"https:\/\/invokelive.com\/patyrimines-keliones\/#primaryimage\",\"url\":\"https:\/\/invokelive.com\/wp-content\/uploads\/2026\/03\/1-1.png\",\"contentUrl\":\"https:\/\/invokelive.com\/wp-content\/uploads\/2026\/03\/1-1.png\"},{\"@type\":\"BreadcrumbList\",\"@id\":\"https:\/\/invokelive.com\/patyrimines-keliones\/#breadcrumb\",\"itemListElement\":[{\"@type\":\"ListItem\",\"position\":1,\"name\":\"Home\",\"item\":\"https:\/\/invokelive.com\/\"},{\"@type\":\"ListItem\",\"position\":2,\"name\":\"Patyrimin\u0117s kelion\u0117s\"}]},{\"@type\":\"WebSite\",\"@id\":\"https:\/\/invokelive.com\/#website\",\"url\":\"https:\/\/invokelive.com\/\",\"name\":\"Invokelive.com\",\"description\":\"J\u016bs\u0173 rengini\u0173 partneris!\",\"publisher\":{\"@id\":\"https:\/\/invokelive.com\/#organization\"},\"potentialAction\":[{\"@type\":\"SearchAction\",\"target\":{\"@type\":\"EntryPoint\",\"urlTemplate\":\"https:\/\/invokelive.com\/?s={search_term_string}\"},\"query-input\":{\"@type\":\"PropertyValueSpecification\",\"valueRequired\":true,\"valueName\":\"search_term_string\"}}],\"inLanguage\":\"en-US\"},{\"@type\":\"Organization\",\"@id\":\"https:\/\/invokelive.com\/#organization\",\"name\":\"Invokelive.com\",\"url\":\"https:\/\/invokelive.com\/\",\"logo\":{\"@type\":\"ImageObject\",\"inLanguage\":\"en-US\",\"@id\":\"https:\/\/invokelive.com\/#\/schema\/logo\/image\/\",\"url\":\"https:\/\/invokelive.com\/wp-content\/uploads\/2026\/03\/hi.png\",\"contentUrl\":\"https:\/\/invokelive.com\/wp-content\/uploads\/2026\/03\/hi.png\",\"width\":1406,\"height\":573,\"caption\":\"Invokelive.com\"},\"image\":{\"@id\":\"https:\/\/invokelive.com\/#\/schema\/logo\/image\/\"}}]}<\/script>\n<!-- \/ Yoast SEO plugin. -->","yoast_head_json":{"title":"Patyrimin\u0117s kelion\u0117s: Strategin\u0117s i\u0161vykos vadov\u0173 komandoms","description":"Patyrimin\u0117s kelion\u0117s \u012fmon\u0117ms ir vadov\u0173 i\u0161vykos, kurios stiprina komandos ry\u0161\u012f. Pasir\u016bpinsime unikaliu turiniu j\u016bs\u0173 verslo s\u0117kmei.","robots":{"index":"index","follow":"follow","max-snippet":"max-snippet:-1","max-image-preview":"max-image-preview:large","max-video-preview":"max-video-preview:-1"},"canonical":"https:\/\/invokelive.com\/en\/patyrimines-keliones\/","og_locale":"en_US","og_type":"article","og_title":"Patyrimin\u0117s kelion\u0117s: Strategin\u0117s i\u0161vykos vadov\u0173 komandoms","og_description":"Patyrimin\u0117s kelion\u0117s \u012fmon\u0117ms ir vadov\u0173 i\u0161vykos, kurios stiprina komandos ry\u0161\u012f. Pasir\u016bpinsime unikaliu turiniu j\u016bs\u0173 verslo s\u0117kmei.","og_url":"https:\/\/invokelive.com\/en\/patyrimines-keliones\/","og_site_name":"Invokelive.com","article_modified_time":"2026-03-21T15:09:49+00:00","og_image":[{"url":"https:\/\/invokelive.com\/wp-content\/uploads\/2026\/03\/1-1.png","type":"","width":"","height":""}],"twitter_card":"summary_large_image","twitter_misc":{"Est. reading time":"1 minute"},"schema":{"@context":"https:\/\/schema.org","@graph":[{"@type":"WebPage","@id":"https:\/\/invokelive.com\/patyrimines-keliones\/","url":"https:\/\/invokelive.com\/patyrimines-keliones\/","name":"Patyrimin\u0117s kelion\u0117s: Strategin\u0117s i\u0161vykos vadov\u0173 komandoms","isPartOf":{"@id":"https:\/\/invokelive.com\/#website"},"primaryImageOfPage":{"@id":"https:\/\/invokelive.com\/patyrimines-keliones\/#primaryimage"},"image":{"@id":"https:\/\/invokelive.com\/patyrimines-keliones\/#primaryimage"},"thumbnailUrl":"https:\/\/invokelive.com\/wp-content\/uploads\/2026\/03\/1-1.png","datePublished":"2026-03-16T22:31:33+00:00","dateModified":"2026-03-21T15:09:49+00:00","description":"Patyrimin\u0117s kelion\u0117s \u012fmon\u0117ms ir vadov\u0173 i\u0161vykos, kurios stiprina komandos ry\u0161\u012f. Pasir\u016bpinsime unikaliu turiniu j\u016bs\u0173 verslo s\u0117kmei.","breadcrumb":{"@id":"https:\/\/invokelive.com\/patyrimines-keliones\/#breadcrumb"},"inLanguage":"en-US","potentialAction":[{"@type":"ReadAction","target":["https:\/\/invokelive.com\/patyrimines-keliones\/"]}]},{"@type":"ImageObject","inLanguage":"en-US","@id":"https:\/\/invokelive.com\/patyrimines-keliones\/#primaryimage","url":"https:\/\/invokelive.com\/wp-content\/uploads\/2026\/03\/1-1.png","contentUrl":"https:\/\/invokelive.com\/wp-content\/uploads\/2026\/03\/1-1.png"},{"@type":"BreadcrumbList","@id":"https:\/\/invokelive.com\/patyrimines-keliones\/#breadcrumb","itemListElement":[{"@type":"ListItem","position":1,"name":"Home","item":"https:\/\/invokelive.com\/"},{"@type":"ListItem","position":2,"name":"Patyrimin\u0117s kelion\u0117s"}]},{"@type":"WebSite","@id":"https:\/\/invokelive.com\/#website","url":"https:\/\/invokelive.com\/","name":"Invokelive.com","description":"J\u016bs\u0173 rengini\u0173 partneris!","publisher":{"@id":"https:\/\/invokelive.com\/#organization"},"potentialAction":[{"@type":"SearchAction","target":{"@type":"EntryPoint","urlTemplate":"https:\/\/invokelive.com\/?s={search_term_string}"},"query-input":{"@type":"PropertyValueSpecification","valueRequired":true,"valueName":"search_term_string"}}],"inLanguage":"en-US"},{"@type":"Organization","@id":"https:\/\/invokelive.com\/#organization","name":"Invokelive.com","url":"https:\/\/invokelive.com\/","logo":{"@type":"ImageObject","inLanguage":"en-US","@id":"https:\/\/invokelive.com\/#\/schema\/logo\/image\/","url":"https:\/\/invokelive.com\/wp-content\/uploads\/2026\/03\/hi.png","contentUrl":"https:\/\/invokelive.com\/wp-content\/uploads\/2026\/03\/hi.png","width":1406,"height":573,"caption":"Invokelive.com"},"image":{"@id":"https:\/\/invokelive.com\/#\/schema\/logo\/image\/"}}]}},"_links":{"self":[{"href":"https:\/\/invokelive.com\/en\/wp-json\/wp\/v2\/pages\/8938","targetHints":{"allow":["GET"]}}],"collection":[{"href":"https:\/\/invokelive.com\/en\/wp-json\/wp\/v2\/pages"}],"about":[{"href":"https:\/\/invokelive.com\/en\/wp-json\/wp\/v2\/types\/page"}],"author":[{"embeddable":true,"href":"https:\/\/invokelive.com\/en\/wp-json\/wp\/v2\/users\/2"}],"replies":[{"embeddable":true,"href":"https:\/\/invokelive.com\/en\/wp-json\/wp\/v2\/comments?post=8938"}],"version-history":[{"count":10,"href":"https:\/\/invokelive.com\/en\/wp-json\/wp\/v2\/pages\/8938\/revisions"}],"predecessor-version":[{"id":9190,"href":"https:\/\/invokelive.com\/en\/wp-json\/wp\/v2\/pages\/8938\/revisions\/9190"}],"wp:attachment":[{"href":"https:\/\/invokelive.com\/en\/wp-json\/wp\/v2\/media?parent=8938"}],"curies":[{"name":"wp","href":"https:\/\/api.w.org\/{rel}","templated":true}]}}