{"id":8782,"date":"2026-03-16T19:15:18","date_gmt":"2026-03-16T19:15:18","guid":{"rendered":"https:\/\/invokelive.com\/?page_id=8782"},"modified":"2026-03-23T11:37:20","modified_gmt":"2026-03-23T11:37:20","slug":"sensory","status":"publish","type":"page","link":"https:\/\/invokelive.com\/en\/sensory\/","title":{"rendered":"Sensory"},"content":{"rendered":"<div data-elementor-type=\"wp-page\" data-elementor-id=\"8782\" class=\"elementor elementor-8782\" data-elementor-post-type=\"page\">\n\t\t\t\t<div class=\"elementor-element elementor-element-09d8221 e-con-full e-flex sc_layouts_column_icons_position_left e-con e-parent\" data-id=\"09d8221\" data-element_type=\"container\" data-e-type=\"container\" data-settings=\"{&quot;background_background&quot;:&quot;classic&quot;}\">\n\t\t<div class=\"e-con-gap-no elementor-element elementor-element-adc5f25 e-con-full e-flex sc_layouts_column_icons_position_left e-con e-child\" data-id=\"adc5f25\" data-element_type=\"container\" data-e-type=\"container\">\n\t\t<div class=\"elementor-element elementor-element-871c2a4 e-con-full sc_column_fixed e-flex sc_layouts_column_icons_position_left e-con e-child\" data-id=\"871c2a4\" data-element_type=\"container\" data-e-type=\"container\">\n\t\t\t\t<div data-animation-type=\"block\" class=\"elementor-element elementor-element-e618b76 animation_type_block sc_fly_static elementor-invisible elementor-widget elementor-widget-image\" data-id=\"e618b76\" data-element_type=\"widget\" data-e-type=\"widget\" data-settings=\"{&quot;_animation&quot;:&quot;ta_fadeinup&quot;,&quot;_animation_delay&quot;:100}\" data-widget_type=\"image.default\">\n\t\t\t\t<div class=\"elementor-widget-container\">\n\t\t\t\t\t\t\t\t\t\t\t\t\t\t\t<img fetchpriority=\"high\" decoding=\"async\" width=\"1080\" height=\"1080\" src=\"https:\/\/invokelive.com\/wp-content\/uploads\/2026\/03\/Dizainas-be-pavadinimo-43.png\" class=\"attachment-full size-full wp-image-9218\" alt=\"\" srcset=\"https:\/\/invokelive.com\/wp-content\/uploads\/2026\/03\/Dizainas-be-pavadinimo-43.png 1080w, https:\/\/invokelive.com\/wp-content\/uploads\/2026\/03\/Dizainas-be-pavadinimo-43-300x300.png 300w, https:\/\/invokelive.com\/wp-content\/uploads\/2026\/03\/Dizainas-be-pavadinimo-43-1024x1024.png 1024w, https:\/\/invokelive.com\/wp-content\/uploads\/2026\/03\/Dizainas-be-pavadinimo-43-150x150.png 150w, https:\/\/invokelive.com\/wp-content\/uploads\/2026\/03\/Dizainas-be-pavadinimo-43-768x768.png 768w, https:\/\/invokelive.com\/wp-content\/uploads\/2026\/03\/Dizainas-be-pavadinimo-43-12x12.png 12w, https:\/\/invokelive.com\/wp-content\/uploads\/2026\/03\/Dizainas-be-pavadinimo-43-370x370.png 370w, https:\/\/invokelive.com\/wp-content\/uploads\/2026\/03\/Dizainas-be-pavadinimo-43-90x90.png 90w, https:\/\/invokelive.com\/wp-content\/uploads\/2026\/03\/Dizainas-be-pavadinimo-43-924x924.png 924w, https:\/\/invokelive.com\/wp-content\/uploads\/2026\/03\/Dizainas-be-pavadinimo-43-410x410.png 410w\" sizes=\"(max-width: 1080px) 100vw, 1080px\" \/>\t\t\t\t\t\t\t\t\t\t\t\t\t\t\t<\/div>\n\t\t\t\t<\/div>\n\t\t\t\t<\/div>\n\t\t\t\t<\/div>\n\t\t<div class=\"elementor-element elementor-element-eb6fa53 e-con-full sc-tablet_inner_width_none e-flex sc_layouts_column_icons_position_left e-con e-child\" data-id=\"eb6fa53\" data-element_type=\"container\" data-e-type=\"container\">\n\t\t\t\t<div data-animation-type=\"block\" class=\"elementor-element elementor-element-5b69be4 animation_type_block sc_fly_static elementor-invisible elementor-widget elementor-widget-heading\" data-id=\"5b69be4\" data-element_type=\"widget\" data-e-type=\"widget\" data-settings=\"{&quot;_animation&quot;:&quot;ta_fadeinup&quot;}\" data-widget_type=\"heading.default\">\n\t\t\t\t<div class=\"elementor-widget-container\">\n\t\t\t\t\t<h6 class=\"elementor-heading-title elementor-size-default\">Philosophy<\/h6>\t\t\t\t<\/div>\n\t\t\t\t<\/div>\n\t\t\t\t<div data-animation-type=\"block\" class=\"elementor-element elementor-element-1825d10 elementor-widget__width-initial animation_type_block sc_fly_static elementor-invisible elementor-widget elementor-widget-text-editor\" data-id=\"1825d10\" data-element_type=\"widget\" data-e-type=\"widget\" data-settings=\"{&quot;_animation&quot;:&quot;ta_fadeinup&quot;,&quot;_animation_delay&quot;:100}\" data-widget_type=\"text-editor.default\">\n\t\t\t\t<div class=\"elementor-widget-container\">\n\t\t\t\t\t\t\t\t\t<p><strong>SENSORY: Classical in the Dark<\/strong><\/p><p><strong>Immersive Music and Sensory Concert<\/strong><\/p><p>This is a 60-minute experience where classical music resonates in total darkness.<\/p><p>By wearing blindfolds, listeners relinquish sight\u2014their primary source of information. When the visuals vanish, the senses of hearing and smell sharpen, and the music begins to sound entirely different.<\/p><p>This experience is not a traditional concert.<br \/>It is <strong>a journey of sound, silence, and scents<\/strong>that allows one to disconnect from external noise for an hour, helping teams reduce stress and restore their creative potential.<\/p>\t\t\t\t\t\t\t\t<\/div>\n\t\t\t\t<\/div>\n\t\t\t\t<\/div>\n\t\t\t\t<\/div>\n\t\t<div class=\"elementor-element elementor-element-2d724e38 e-flex e-con-boxed sc_layouts_column_icons_position_left e-con e-parent\" data-id=\"2d724e38\" data-element_type=\"container\" data-e-type=\"container\" data-settings=\"{&quot;background_background&quot;:&quot;classic&quot;}\">\n\t\t\t\t\t<div class=\"e-con-inner\">\n\t\t<div data-animation-type=\"block\" class=\"elementor-element elementor-element-6b41b05c e-con-full e-flex sc_layouts_column_icons_position_left animation_type_block elementor-invisible e-con e-child\" data-id=\"6b41b05c\" data-element_type=\"container\" data-e-type=\"container\" data-settings=\"{&quot;animation&quot;:&quot;ta_fadeinup&quot;}\">\n\t\t\t\t<div class=\"elementor-element elementor-element-5e4015a3 elementor-widget__width-initial elementor-widget-mobile__width-inherit sc_fly_static elementor-widget elementor-widget-heading\" data-id=\"5e4015a3\" data-element_type=\"widget\" data-e-type=\"widget\" data-widget_type=\"heading.default\">\n\t\t\t\t<div class=\"elementor-widget-container\">\n\t\t\t\t\t<h1 class=\"elementor-heading-title elementor-size-default\">Let\u2019s create extraordinary experiences together!<\/h1>\t\t\t\t<\/div>\n\t\t\t\t<\/div>\n\t\t\t\t<\/div>\n\t\t<div class=\"e-con-gap-no elementor-element elementor-element-15919b18 e-con-full e-flex sc_layouts_column_icons_position_left e-con e-child\" data-id=\"15919b18\" data-element_type=\"container\" data-e-type=\"container\">\n\t\t<div data-animation-type=\"block\" class=\"elementor-element elementor-element-30f61d10 e-con-full e-flex sc_layouts_column_icons_position_left animation_type_block elementor-invisible e-con e-child\" data-id=\"30f61d10\" data-element_type=\"container\" data-e-type=\"container\" data-settings=\"{&quot;animation&quot;:&quot;ta_fadeinup&quot;,&quot;animation_delay&quot;:100}\">\n\t\t\t\t<div class=\"elementor-element elementor-element-32e9cab elementor-widget__width-initial sc_fly_static elementor-widget elementor-widget-heading\" data-id=\"32e9cab\" data-element_type=\"widget\" data-e-type=\"widget\" data-widget_type=\"heading.default\">\n\t\t\t\t<div class=\"elementor-widget-container\">\n\t\t\t\t\t<h3 class=\"elementor-heading-title elementor-size-default\">01<\/h3>\t\t\t\t<\/div>\n\t\t\t\t<\/div>\n\t\t\t\t<div class=\"elementor-element elementor-element-26cde935 elementor-widget__width-initial sc_fly_static elementor-widget elementor-widget-heading\" data-id=\"26cde935\" data-element_type=\"widget\" data-e-type=\"widget\" data-widget_type=\"heading.default\">\n\t\t\t\t<div class=\"elementor-widget-container\">\n\t\t\t\t\t<h3 class=\"elementor-heading-title elementor-size-default\">EXPERIENCE IDEA<\/h3>\t\t\t\t<\/div>\n\t\t\t\t<\/div>\n\t\t\t\t<div class=\"elementor-element elementor-element-26c98eaf elementor-widget__width-initial sc_fly_static elementor-widget elementor-widget-text-editor\" data-id=\"26c98eaf\" data-element_type=\"widget\" data-e-type=\"widget\" data-widget_type=\"text-editor.default\">\n\t\t\t\t<div class=\"elementor-widget-container\">\n\t\t\t\t\t\t\t\t\t<p>The project is designed as a sensory journey where music, silence, and scents create an emotional dramaturgy.<\/p><p>The program features recognizable classical music pieces\u2014Bach, Vivaldi, Mozart, Handel, and other composers.<\/p><p>Live music intertwines with subtle electronic sounds, spatial effects, and a guide's voice, helping listeners immerse themselves even deeper into the experience.<\/p>\t\t\t\t\t\t\t\t<\/div>\n\t\t\t\t<\/div>\n\t\t<div class=\"e-con-gap-no elementor-element elementor-element-3096dbe6 e-con-full e-flex sc_layouts_column_icons_position_left e-con e-child\" data-id=\"3096dbe6\" data-element_type=\"container\" data-e-type=\"container\">\n\t\t\t\t<\/div>\n\t\t\t\t<\/div>\n\t\t<div data-animation-type=\"block\" class=\"elementor-element elementor-element-5fc7c05b e-con-full e-flex sc_layouts_column_icons_position_left animation_type_block elementor-invisible e-con e-child\" data-id=\"5fc7c05b\" data-element_type=\"container\" data-e-type=\"container\" data-settings=\"{&quot;animation&quot;:&quot;ta_fadeinup&quot;,&quot;animation_delay&quot;:100}\">\n\t\t\t\t<div class=\"elementor-element elementor-element-571dc50f elementor-widget__width-initial sc_fly_static elementor-widget elementor-widget-heading\" data-id=\"571dc50f\" data-element_type=\"widget\" data-e-type=\"widget\" data-widget_type=\"heading.default\">\n\t\t\t\t<div class=\"elementor-widget-container\">\n\t\t\t\t\t<h3 class=\"elementor-heading-title elementor-size-default\">02<\/h3>\t\t\t\t<\/div>\n\t\t\t\t<\/div>\n\t\t\t\t<div class=\"elementor-element elementor-element-6b2af267 elementor-widget__width-initial sc_fly_static elementor-widget elementor-widget-heading\" data-id=\"6b2af267\" data-element_type=\"widget\" data-e-type=\"widget\" data-widget_type=\"heading.default\">\n\t\t\t\t<div class=\"elementor-widget-container\">\n\t\t\t\t\t<h3 class=\"elementor-heading-title elementor-size-default\">EXPERIENCE FLOW<\/h3>\t\t\t\t<\/div>\n\t\t\t\t<\/div>\n\t\t\t\t<div class=\"elementor-element elementor-element-64cfb38b elementor-widget__width-initial sc_fly_static elementor-widget elementor-widget-text-editor\" data-id=\"64cfb38b\" data-element_type=\"widget\" data-e-type=\"widget\" data-widget_type=\"text-editor.default\">\n\t\t\t\t<div class=\"elementor-widget-container\">\n\t\t\t\t\t\t\t\t\t<p>When a person loses one sense, the others intensify.<\/p><p>Darkness allows listeners to:<\/p><ul><li>hear musical details more deeply<\/li><li>feel the spatial movement of sound<\/li><li>disconnect from daily visual noise.<\/li><\/ul><p>This is why this experience is often perceived not just as a concert, but as a profound sensory experience with live music.<\/p>\t\t\t\t\t\t\t\t<\/div>\n\t\t\t\t<\/div>\n\t\t<div class=\"e-con-gap-no elementor-element elementor-element-ed623cb e-con-full e-flex sc_layouts_column_icons_position_left e-con e-child\" data-id=\"ed623cb\" data-element_type=\"container\" data-e-type=\"container\">\n\t\t\t\t<\/div>\n\t\t\t\t<\/div>\n\t\t<div data-animation-type=\"block\" class=\"elementor-element elementor-element-307b1a8a e-con-full e-flex sc_layouts_column_icons_position_left animation_type_block elementor-invisible e-con e-child\" data-id=\"307b1a8a\" data-element_type=\"container\" data-e-type=\"container\" data-settings=\"{&quot;animation&quot;:&quot;ta_fadeinup&quot;,&quot;animation_delay&quot;:100}\">\n\t\t\t\t<div class=\"elementor-element elementor-element-2a400466 elementor-widget__width-initial sc_fly_static elementor-widget elementor-widget-heading\" data-id=\"2a400466\" data-element_type=\"widget\" data-e-type=\"widget\" data-widget_type=\"heading.default\">\n\t\t\t\t<div class=\"elementor-widget-container\">\n\t\t\t\t\t<h3 class=\"elementor-heading-title elementor-size-default\">03<\/h3>\t\t\t\t<\/div>\n\t\t\t\t<\/div>\n\t\t\t\t<div class=\"elementor-element elementor-element-180e0755 elementor-widget__width-initial sc_fly_static elementor-widget elementor-widget-heading\" data-id=\"180e0755\" data-element_type=\"widget\" data-e-type=\"widget\" data-widget_type=\"heading.default\">\n\t\t\t\t<div class=\"elementor-widget-container\">\n\t\t\t\t\t<h3 class=\"elementor-heading-title elementor-size-default\">FORMAT<\/h3>\t\t\t\t<\/div>\n\t\t\t\t<\/div>\n\t\t\t\t<div class=\"elementor-element elementor-element-ef925a9 elementor-widget__width-initial sc_fly_static elementor-widget elementor-widget-text-editor\" data-id=\"ef925a9\" data-element_type=\"widget\" data-e-type=\"widget\" data-widget_type=\"text-editor.default\">\n\t\t\t\t<div class=\"elementor-widget-container\">\n\t\t\t\t\t\t\t\t\t<p><strong>Duration<\/strong><br \/>about <strong>60 minutes<\/strong><\/p><p><strong>Instruments:<\/strong><\/p><ul><li>electric cello<\/li><li>saxophones<\/li><li>percussion and atmospheric instruments<\/li><\/ul>\t\t\t\t\t\t\t\t<\/div>\n\t\t\t\t<\/div>\n\t\t<div class=\"e-con-gap-no elementor-element elementor-element-6cf6bcdf e-con-full e-flex sc_layouts_column_icons_position_left e-con e-child\" data-id=\"6cf6bcdf\" data-element_type=\"container\" data-e-type=\"container\">\n\t\t\t\t<\/div>\n\t\t\t\t<\/div>\n\t\t<div data-animation-type=\"block\" class=\"elementor-element elementor-element-d666c65 e-con-full e-flex sc_layouts_column_icons_position_left animation_type_block elementor-invisible e-con e-child\" data-id=\"d666c65\" data-element_type=\"container\" data-e-type=\"container\" data-settings=\"{&quot;animation&quot;:&quot;ta_fadeinup&quot;,&quot;animation_delay&quot;:100}\">\n\t\t\t\t<div class=\"elementor-element elementor-element-d497511 elementor-widget__width-initial sc_fly_static elementor-widget elementor-widget-heading\" data-id=\"d497511\" data-element_type=\"widget\" data-e-type=\"widget\" data-widget_type=\"heading.default\">\n\t\t\t\t<div class=\"elementor-widget-container\">\n\t\t\t\t\t<h3 class=\"elementor-heading-title elementor-size-default\">04<\/h3>\t\t\t\t<\/div>\n\t\t\t\t<\/div>\n\t\t\t\t<div class=\"elementor-element elementor-element-6b621f1 elementor-widget__width-initial sc_fly_static elementor-widget elementor-widget-heading\" data-id=\"6b621f1\" data-element_type=\"widget\" data-e-type=\"widget\" data-widget_type=\"heading.default\">\n\t\t\t\t<div class=\"elementor-widget-container\">\n\t\t\t\t\t<h3 class=\"elementor-heading-title elementor-size-default\">WHO IT IS FOR<\/h3>\t\t\t\t<\/div>\n\t\t\t\t<\/div>\n\t\t\t\t<div class=\"elementor-element elementor-element-a67c241 elementor-widget__width-initial sc_fly_static elementor-widget elementor-widget-text-editor\" data-id=\"a67c241\" data-element_type=\"widget\" data-e-type=\"widget\" data-widget_type=\"text-editor.default\">\n\t\t\t\t<div class=\"elementor-widget-container\">\n\t\t\t\t\t\t\t\t\t<ul><li>for cultural events<\/li><li>for concert programs<\/li><li>for corporate events<\/li><li>for festivals<\/li><li>for special evenings<\/li><\/ul><p>The format can be adapted to different concert spaces and event types.<br \/>This format often becomes a part of our <a class=\"ng-star-inserted\" href=\"https:\/\/invokelive.com\/en\/vertybiu-iveiklinimo-programa\/\" target=\"_blank\" rel=\"noopener\" data-hveid=\"4\">Values Activation<\/a> Program.<\/p>\t\t\t\t\t\t\t\t<\/div>\n\t\t\t\t<\/div>\n\t\t<div class=\"e-con-gap-no elementor-element elementor-element-02c295c e-con-full e-flex sc_layouts_column_icons_position_left e-con e-child\" data-id=\"02c295c\" data-element_type=\"container\" data-e-type=\"container\">\n\t\t\t\t<\/div>\n\t\t\t\t<\/div>\n\t\t\t\t<\/div>\n\t\t\t\t\t<\/div>\n\t\t\t\t<\/div>\n\t\t<div class=\"elementor-element elementor-element-5d4d8f5 e-con-full e-flex sc_layouts_column_icons_position_left e-con e-parent\" data-id=\"5d4d8f5\" data-element_type=\"container\" data-e-type=\"container\">\n\t\t\t\t<div class=\"elementor-element elementor-element-ff9980d sc_fly_static elementor-widget elementor-widget-heading\" data-id=\"ff9980d\" data-element_type=\"widget\" data-e-type=\"widget\" data-widget_type=\"heading.default\">\n\t\t\t\t<div class=\"elementor-widget-container\">\n\t\t\t\t\t<h2 class=\"elementor-heading-title elementor-size-default\">Let\u2019s discuss how to adapt this experience for your event.<\/h2>\t\t\t\t<\/div>\n\t\t\t\t<\/div>\n\t\t\t\t<div class=\"elementor-element elementor-element-04cae35 elementor-align-center sc_fly_static elementor-widget elementor-widget-button\" data-id=\"04cae35\" data-element_type=\"widget\" data-e-type=\"widget\" data-widget_type=\"button.default\">\n\t\t\t\t<div class=\"elementor-widget-container\">\n\t\t\t\t\t\t\t\t\t<div class=\"elementor-button-wrapper\">\n\t\t\t\t\t<a class=\"elementor-button elementor-button-link elementor-size-sm\" href=\"mailto:info@invokelive.com\">\n\t\t\t\t\t\t<span class=\"elementor-button-content-wrapper\">\n\t\t\t\t\t\t\t\t\t<span class=\"elementor-button-text\">Discuss the project<\/span>\n\t\t\t\t\t<\/span>\n\t\t\t\t\t<\/a>\n\t\t\t\t<\/div>\n\t\t\t\t\t\t\t\t<\/div>\n\t\t\t\t<\/div>\n\t\t\t\t<\/div>\n\t\t\t\t<\/div>","protected":false},"excerpt":{"rendered":"<p>Filosofija SENSORY: Classical in the Dark Imersinis muzikos ir poj\u016b\u010di\u0173 koncertas Tai 60&hellip;<\/p>","protected":false},"author":1,"featured_media":0,"parent":0,"menu_order":0,"comment_status":"closed","ping_status":"closed","template":"","meta":{"footnotes":""},"class_list":["post-8782","page","type-page","status-publish","hentry"],"yoast_head":"<!-- This site is optimized with the Yoast SEO plugin v27.2 - https:\/\/yoast.com\/product\/yoast-seo-wordpress\/ -->\n<title>Imersinis koncertas visi\u0161koje tamsoje | Invoke Live<\/title>\n<meta name=\"description\" content=\"60 minu\u010di\u0173 sensorin\u0117 kelion\u0117 tamsoje su gyva klasikine muzika ir kvapais. Ideali patirtis ie\u0161kantiems gilaus emocinio \u012fsitraukimo.\" \/>\n<meta name=\"robots\" content=\"index, follow, max-snippet:-1, max-image-preview:large, max-video-preview:-1\" \/>\n<link rel=\"canonical\" href=\"https:\/\/invokelive.com\/en\/sensory\/\" \/>\n<meta property=\"og:locale\" content=\"en_US\" \/>\n<meta property=\"og:type\" content=\"article\" \/>\n<meta property=\"og:title\" content=\"Imersinis koncertas visi\u0161koje tamsoje | Invoke Live\" \/>\n<meta property=\"og:description\" content=\"60 minu\u010di\u0173 sensorin\u0117 kelion\u0117 tamsoje su gyva klasikine muzika ir kvapais. Ideali patirtis ie\u0161kantiems gilaus emocinio \u012fsitraukimo.\" \/>\n<meta property=\"og:url\" content=\"https:\/\/invokelive.com\/en\/sensory\/\" \/>\n<meta property=\"og:site_name\" content=\"Invokelive.com\" \/>\n<meta property=\"article:modified_time\" content=\"2026-03-23T11:37:20+00:00\" \/>\n<meta property=\"og:image\" content=\"https:\/\/invokelive.com\/wp-content\/uploads\/2026\/03\/Dizainas-be-pavadinimo-43.png\" \/>\n<meta name=\"twitter:card\" content=\"summary_large_image\" \/>\n<meta name=\"twitter:label1\" content=\"Est. reading time\" \/>\n\t<meta name=\"twitter:data1\" content=\"2 minutes\" \/>\n<script type=\"application\/ld+json\" class=\"yoast-schema-graph\">{\"@context\":\"https:\/\/schema.org\",\"@graph\":[{\"@type\":\"WebPage\",\"@id\":\"https:\/\/invokelive.com\/sensory\/\",\"url\":\"https:\/\/invokelive.com\/sensory\/\",\"name\":\"Imersinis koncertas visi\u0161koje tamsoje | Invoke Live\",\"isPartOf\":{\"@id\":\"https:\/\/invokelive.com\/#website\"},\"primaryImageOfPage\":{\"@id\":\"https:\/\/invokelive.com\/sensory\/#primaryimage\"},\"image\":{\"@id\":\"https:\/\/invokelive.com\/sensory\/#primaryimage\"},\"thumbnailUrl\":\"https:\/\/invokelive.com\/wp-content\/uploads\/2026\/03\/Dizainas-be-pavadinimo-43.png\",\"datePublished\":\"2026-03-16T19:15:18+00:00\",\"dateModified\":\"2026-03-23T11:37:20+00:00\",\"description\":\"60 minu\u010di\u0173 sensorin\u0117 kelion\u0117 tamsoje su gyva klasikine muzika ir kvapais. Ideali patirtis ie\u0161kantiems gilaus emocinio \u012fsitraukimo.\",\"breadcrumb\":{\"@id\":\"https:\/\/invokelive.com\/sensory\/#breadcrumb\"},\"inLanguage\":\"en-US\",\"potentialAction\":[{\"@type\":\"ReadAction\",\"target\":[\"https:\/\/invokelive.com\/sensory\/\"]}]},{\"@type\":\"ImageObject\",\"inLanguage\":\"en-US\",\"@id\":\"https:\/\/invokelive.com\/sensory\/#primaryimage\",\"url\":\"https:\/\/invokelive.com\/wp-content\/uploads\/2026\/03\/Dizainas-be-pavadinimo-43.png\",\"contentUrl\":\"https:\/\/invokelive.com\/wp-content\/uploads\/2026\/03\/Dizainas-be-pavadinimo-43.png\"},{\"@type\":\"BreadcrumbList\",\"@id\":\"https:\/\/invokelive.com\/sensory\/#breadcrumb\",\"itemListElement\":[{\"@type\":\"ListItem\",\"position\":1,\"name\":\"Home\",\"item\":\"https:\/\/invokelive.com\/\"},{\"@type\":\"ListItem\",\"position\":2,\"name\":\"Sensory\"}]},{\"@type\":\"WebSite\",\"@id\":\"https:\/\/invokelive.com\/#website\",\"url\":\"https:\/\/invokelive.com\/\",\"name\":\"Invokelive.com\",\"description\":\"J\u016bs\u0173 rengini\u0173 partneris!\",\"publisher\":{\"@id\":\"https:\/\/invokelive.com\/#organization\"},\"potentialAction\":[{\"@type\":\"SearchAction\",\"target\":{\"@type\":\"EntryPoint\",\"urlTemplate\":\"https:\/\/invokelive.com\/?s={search_term_string}\"},\"query-input\":{\"@type\":\"PropertyValueSpecification\",\"valueRequired\":true,\"valueName\":\"search_term_string\"}}],\"inLanguage\":\"en-US\"},{\"@type\":\"Organization\",\"@id\":\"https:\/\/invokelive.com\/#organization\",\"name\":\"Invokelive.com\",\"url\":\"https:\/\/invokelive.com\/\",\"logo\":{\"@type\":\"ImageObject\",\"inLanguage\":\"en-US\",\"@id\":\"https:\/\/invokelive.com\/#\/schema\/logo\/image\/\",\"url\":\"https:\/\/invokelive.com\/wp-content\/uploads\/2026\/03\/hi.png\",\"contentUrl\":\"https:\/\/invokelive.com\/wp-content\/uploads\/2026\/03\/hi.png\",\"width\":1406,\"height\":573,\"caption\":\"Invokelive.com\"},\"image\":{\"@id\":\"https:\/\/invokelive.com\/#\/schema\/logo\/image\/\"}}]}<\/script>\n<!-- \/ Yoast SEO plugin. -->","yoast_head_json":{"title":"Imersinis koncertas visi\u0161koje tamsoje | Invoke Live","description":"60 minu\u010di\u0173 sensorin\u0117 kelion\u0117 tamsoje su gyva klasikine muzika ir kvapais. Ideali patirtis ie\u0161kantiems gilaus emocinio \u012fsitraukimo.","robots":{"index":"index","follow":"follow","max-snippet":"max-snippet:-1","max-image-preview":"max-image-preview:large","max-video-preview":"max-video-preview:-1"},"canonical":"https:\/\/invokelive.com\/en\/sensory\/","og_locale":"en_US","og_type":"article","og_title":"Imersinis koncertas visi\u0161koje tamsoje | Invoke Live","og_description":"60 minu\u010di\u0173 sensorin\u0117 kelion\u0117 tamsoje su gyva klasikine muzika ir kvapais. Ideali patirtis ie\u0161kantiems gilaus emocinio \u012fsitraukimo.","og_url":"https:\/\/invokelive.com\/en\/sensory\/","og_site_name":"Invokelive.com","article_modified_time":"2026-03-23T11:37:20+00:00","og_image":[{"url":"https:\/\/invokelive.com\/wp-content\/uploads\/2026\/03\/Dizainas-be-pavadinimo-43.png","type":"","width":"","height":""}],"twitter_card":"summary_large_image","twitter_misc":{"Est. reading time":"2 minutes"},"schema":{"@context":"https:\/\/schema.org","@graph":[{"@type":"WebPage","@id":"https:\/\/invokelive.com\/sensory\/","url":"https:\/\/invokelive.com\/sensory\/","name":"Imersinis koncertas visi\u0161koje tamsoje | Invoke Live","isPartOf":{"@id":"https:\/\/invokelive.com\/#website"},"primaryImageOfPage":{"@id":"https:\/\/invokelive.com\/sensory\/#primaryimage"},"image":{"@id":"https:\/\/invokelive.com\/sensory\/#primaryimage"},"thumbnailUrl":"https:\/\/invokelive.com\/wp-content\/uploads\/2026\/03\/Dizainas-be-pavadinimo-43.png","datePublished":"2026-03-16T19:15:18+00:00","dateModified":"2026-03-23T11:37:20+00:00","description":"60 minu\u010di\u0173 sensorin\u0117 kelion\u0117 tamsoje su gyva klasikine muzika ir kvapais. Ideali patirtis ie\u0161kantiems gilaus emocinio \u012fsitraukimo.","breadcrumb":{"@id":"https:\/\/invokelive.com\/sensory\/#breadcrumb"},"inLanguage":"en-US","potentialAction":[{"@type":"ReadAction","target":["https:\/\/invokelive.com\/sensory\/"]}]},{"@type":"ImageObject","inLanguage":"en-US","@id":"https:\/\/invokelive.com\/sensory\/#primaryimage","url":"https:\/\/invokelive.com\/wp-content\/uploads\/2026\/03\/Dizainas-be-pavadinimo-43.png","contentUrl":"https:\/\/invokelive.com\/wp-content\/uploads\/2026\/03\/Dizainas-be-pavadinimo-43.png"},{"@type":"BreadcrumbList","@id":"https:\/\/invokelive.com\/sensory\/#breadcrumb","itemListElement":[{"@type":"ListItem","position":1,"name":"Home","item":"https:\/\/invokelive.com\/"},{"@type":"ListItem","position":2,"name":"Sensory"}]},{"@type":"WebSite","@id":"https:\/\/invokelive.com\/#website","url":"https:\/\/invokelive.com\/","name":"Invokelive.com","description":"J\u016bs\u0173 rengini\u0173 partneris!","publisher":{"@id":"https:\/\/invokelive.com\/#organization"},"potentialAction":[{"@type":"SearchAction","target":{"@type":"EntryPoint","urlTemplate":"https:\/\/invokelive.com\/?s={search_term_string}"},"query-input":{"@type":"PropertyValueSpecification","valueRequired":true,"valueName":"search_term_string"}}],"inLanguage":"en-US"},{"@type":"Organization","@id":"https:\/\/invokelive.com\/#organization","name":"Invokelive.com","url":"https:\/\/invokelive.com\/","logo":{"@type":"ImageObject","inLanguage":"en-US","@id":"https:\/\/invokelive.com\/#\/schema\/logo\/image\/","url":"https:\/\/invokelive.com\/wp-content\/uploads\/2026\/03\/hi.png","contentUrl":"https:\/\/invokelive.com\/wp-content\/uploads\/2026\/03\/hi.png","width":1406,"height":573,"caption":"Invokelive.com"},"image":{"@id":"https:\/\/invokelive.com\/#\/schema\/logo\/image\/"}}]}},"_links":{"self":[{"href":"https:\/\/invokelive.com\/en\/wp-json\/wp\/v2\/pages\/8782","targetHints":{"allow":["GET"]}}],"collection":[{"href":"https:\/\/invokelive.com\/en\/wp-json\/wp\/v2\/pages"}],"about":[{"href":"https:\/\/invokelive.com\/en\/wp-json\/wp\/v2\/types\/page"}],"author":[{"embeddable":true,"href":"https:\/\/invokelive.com\/en\/wp-json\/wp\/v2\/users\/1"}],"replies":[{"embeddable":true,"href":"https:\/\/invokelive.com\/en\/wp-json\/wp\/v2\/comments?post=8782"}],"version-history":[{"count":40,"href":"https:\/\/invokelive.com\/en\/wp-json\/wp\/v2\/pages\/8782\/revisions"}],"predecessor-version":[{"id":9221,"href":"https:\/\/invokelive.com\/en\/wp-json\/wp\/v2\/pages\/8782\/revisions\/9221"}],"wp:attachment":[{"href":"https:\/\/invokelive.com\/en\/wp-json\/wp\/v2\/media?parent=8782"}],"curies":[{"name":"wp","href":"https:\/\/api.w.org\/{rel}","templated":true}]}}