{"id":8547,"date":"2026-03-15T17:44:52","date_gmt":"2026-03-15T17:44:52","guid":{"rendered":"https:\/\/invokelive.com\/?page_id=8547"},"modified":"2026-03-18T12:52:59","modified_gmt":"2026-03-18T12:52:59","slug":"kontaktai","status":"publish","type":"page","link":"https:\/\/invokelive.com\/en\/kontaktai\/","title":{"rendered":"CONTACT"},"content":{"rendered":"<div data-elementor-type=\"wp-page\" data-elementor-id=\"8547\" class=\"elementor elementor-8547\" data-elementor-post-type=\"page\">\n\t\t\t\t<div class=\"elementor-element elementor-element-d462df0 e-con-full e-flex sc_layouts_column_icons_position_left e-con e-parent\" data-id=\"d462df0\" data-element_type=\"container\" data-e-type=\"container\">\n\t\t\t\t<div class=\"elementor-element elementor-element-6978465 sc_fly_static elementor-widget elementor-widget-heading\" data-id=\"6978465\" data-element_type=\"widget\" data-e-type=\"widget\" data-widget_type=\"heading.default\">\n\t\t\t\t<div class=\"elementor-widget-container\">\n\t\t\t\t\t<h2 class=\"elementor-heading-title elementor-size-default\">CONTACT<\/h2>\t\t\t\t<\/div>\n\t\t\t\t<\/div>\n\t\t\t\t<\/div>\n\t\t<div class=\"elementor-element elementor-element-24ea9f9 e-con-full e-flex sc_layouts_column_icons_position_left e-con e-parent\" data-id=\"24ea9f9\" data-element_type=\"container\" data-e-type=\"container\">\n\t\t<div class=\"elementor-element elementor-element-1f5afa0 e-con-full e-flex sc_layouts_column_icons_position_left e-con e-child\" data-id=\"1f5afa0\" data-element_type=\"container\" data-e-type=\"container\">\n\t\t\t\t<div class=\"elementor-element elementor-element-ee68ff2 sc_fly_static elementor-widget elementor-widget-text-editor\" data-id=\"ee68ff2\" data-element_type=\"widget\" data-e-type=\"widget\" data-widget_type=\"text-editor.default\">\n\t\t\t\t<div class=\"elementor-widget-container\">\n\t\t\t\t\t\t\t\t\t<p><strong data-start=\"213\" data-end=\"228\">Invoke Live<\/strong> working on projects where standard solutions aren't enough.<br data-start=\"291\" data-end=\"294\" \/>If you are planning a corporate event, seeking a unique team-building experience, or looking for a creative partner for a new strategic project\u2014let\u2019s connect. We help transform business challenges into functional experiences across Lithuania and abroad.<\/p><p><a href=\"tel:+37061559285\">+370 615 59285<\/a>\u00a0<br \/><strong>\u2709 <a href=\"mailto:info@invokelive.com\">info@invokelive.com<\/a><\/strong><\/p><p data-path-to-node=\"14\">Our team specializes in the following areas, ensuring full management of logistics and content:<\/p><ul data-path-to-node=\"15\"><li><p data-path-to-node=\"15,0,0\"><b data-path-to-node=\"15,0,0\" data-index-in-node=\"0\">Corporate Event Experiences:<\/b> From annual celebrations to strategic sessions.<\/p><\/li><li><p data-path-to-node=\"15,1,0\"><b data-path-to-node=\"15,1,0\" data-index-in-node=\"0\">Interactive Team Formats:<\/b> Gamified solutions and engaging collaboration.<\/p><\/li><li><p data-path-to-node=\"15,2,0\"><b data-path-to-node=\"15,2,0\" data-index-in-node=\"0\">Immersive Cultural Projects:<\/b> Senses-based experiences that leave a lasting impression.<\/p><\/li><li><p data-path-to-node=\"15,3,0\"><b data-path-to-node=\"15,3,0\" data-index-in-node=\"0\">Experience Concepts:<\/b> strategic gamification and auditing of spaces and organizations.<\/p><\/li><\/ul><p data-path-to-node=\"16\">If you have an idea that requires a strong creative concept and flawless technical execution\u2014write or call us. We will ensure your project becomes an exceptional experience.<\/p><p data-path-to-node=\"16\">More about our <a href=\"https:\/\/linksmadieniai.lt\/renginiu-akimirkos\/\">completed events here.<\/a><\/p>\t\t\t\t\t\t\t\t<\/div>\n\t\t\t\t<\/div>\n\t\t\t\t<\/div>\n\t\t<div class=\"e-con-gap-no elementor-element elementor-element-a0614d2 e-con-full e-flex sc_layouts_column_icons_position_left e-con e-child\" data-id=\"a0614d2\" data-element_type=\"container\" data-e-type=\"container\" data-settings=\"{&quot;background_background&quot;:&quot;classic&quot;}\">\n\t\t\t\t<\/div>\n\t\t\t\t<\/div>\n\t\t<div class=\"elementor-element elementor-element-bd34b53 e-flex e-con-boxed sc_layouts_column_icons_position_left e-con e-parent\" data-id=\"bd34b53\" data-element_type=\"container\" data-e-type=\"container\">\n\t\t\t\t\t<div class=\"e-con-inner\">\n\t\t\t\t<div class=\"elementor-element elementor-element-166bc32 sc_fly_static elementor-widget elementor-widget-video\" data-id=\"166bc32\" data-element_type=\"widget\" data-e-type=\"widget\" data-settings=\"{&quot;video_type&quot;:&quot;hosted&quot;,&quot;controls&quot;:&quot;yes&quot;}\" data-widget_type=\"video.default\">\n\t\t\t\t<div class=\"elementor-widget-container\">\n\t\t\t\t\t\t\t<div class=\"e-hosted-video elementor-wrapper elementor-open-inline\">\n\t\t\t\t\t<video class=\"elementor-video\" src=\"https:\/\/invokelive.com\/wp-content\/uploads\/2026\/03\/Dizainas-be-pavadinimo-20.mp4\" controls=\"\" preload=\"metadata\" controlslist=\"nodownload\"><\/video>\n\t\t\t\t<\/div>\n\t\t\t\t\t\t<\/div>\n\t\t\t\t<\/div>\n\t\t\t\t\t<\/div>\n\t\t\t\t<\/div>\n\t\t\t\t<\/div>","protected":false},"excerpt":{"rendered":"<p>Kontaktai Invoke Live dirba su projektais, kuriems neu\u017etenka standartini\u0173 sprendim\u0173.Jei planuojate \u012fmon\u0117s rengin\u012f,&hellip;<\/p>","protected":false},"author":1,"featured_media":0,"parent":0,"menu_order":0,"comment_status":"closed","ping_status":"closed","template":"","meta":{"footnotes":""},"class_list":["post-8547","page","type-page","status-publish","hentry"],"yoast_head":"<!-- This site is optimized with the Yoast SEO plugin v27.2 - https:\/\/yoast.com\/product\/yoast-seo-wordpress\/ -->\n<title>Invoke Live | Rengini\u0173 organizavimas ir patir\u010di\u0173 k\u016brimas<\/title>\n<meta name=\"description\" content=\"Planuojate \u012fmon\u0117s rengin\u012f? Susisiekite su \u201eInvoke Live\u201c komanda. Profesionalus rengini\u0173 organizavimas ir patir\u010di\u0173 strategija.\" \/>\n<meta name=\"robots\" content=\"index, follow, max-snippet:-1, max-image-preview:large, max-video-preview:-1\" \/>\n<link rel=\"canonical\" href=\"https:\/\/invokelive.com\/en\/kontaktai\/\" \/>\n<meta property=\"og:locale\" content=\"en_US\" \/>\n<meta property=\"og:type\" content=\"article\" \/>\n<meta property=\"og:title\" content=\"Invoke Live | Rengini\u0173 organizavimas ir patir\u010di\u0173 k\u016brimas\" \/>\n<meta property=\"og:description\" content=\"Planuojate \u012fmon\u0117s rengin\u012f? Susisiekite su \u201eInvoke Live\u201c komanda. Profesionalus rengini\u0173 organizavimas ir patir\u010di\u0173 strategija.\" \/>\n<meta property=\"og:url\" content=\"https:\/\/invokelive.com\/en\/kontaktai\/\" \/>\n<meta property=\"og:site_name\" content=\"Invokelive.com\" \/>\n<meta property=\"article:modified_time\" content=\"2026-03-18T12:52:59+00:00\" \/>\n<meta name=\"twitter:card\" content=\"summary_large_image\" \/>\n<meta name=\"twitter:label1\" content=\"Est. reading time\" \/>\n\t<meta name=\"twitter:data1\" content=\"1 minute\" \/>\n<script type=\"application\/ld+json\" class=\"yoast-schema-graph\">{\"@context\":\"https:\/\/schema.org\",\"@graph\":[{\"@type\":\"WebPage\",\"@id\":\"https:\/\/invokelive.com\/kontaktai\/\",\"url\":\"https:\/\/invokelive.com\/kontaktai\/\",\"name\":\"Invoke Live | Rengini\u0173 organizavimas ir patir\u010di\u0173 k\u016brimas\",\"isPartOf\":{\"@id\":\"https:\/\/invokelive.com\/#website\"},\"datePublished\":\"2026-03-15T17:44:52+00:00\",\"dateModified\":\"2026-03-18T12:52:59+00:00\",\"description\":\"Planuojate \u012fmon\u0117s rengin\u012f? Susisiekite su \u201eInvoke Live\u201c komanda. Profesionalus rengini\u0173 organizavimas ir patir\u010di\u0173 strategija.\",\"breadcrumb\":{\"@id\":\"https:\/\/invokelive.com\/kontaktai\/#breadcrumb\"},\"inLanguage\":\"en-US\",\"potentialAction\":[{\"@type\":\"ReadAction\",\"target\":[\"https:\/\/invokelive.com\/kontaktai\/\"]}]},{\"@type\":\"BreadcrumbList\",\"@id\":\"https:\/\/invokelive.com\/kontaktai\/#breadcrumb\",\"itemListElement\":[{\"@type\":\"ListItem\",\"position\":1,\"name\":\"Home\",\"item\":\"https:\/\/invokelive.com\/\"},{\"@type\":\"ListItem\",\"position\":2,\"name\":\"Kontaktai\"}]},{\"@type\":\"WebSite\",\"@id\":\"https:\/\/invokelive.com\/#website\",\"url\":\"https:\/\/invokelive.com\/\",\"name\":\"Invokelive.com\",\"description\":\"J\u016bs\u0173 rengini\u0173 partneris!\",\"publisher\":{\"@id\":\"https:\/\/invokelive.com\/#organization\"},\"potentialAction\":[{\"@type\":\"SearchAction\",\"target\":{\"@type\":\"EntryPoint\",\"urlTemplate\":\"https:\/\/invokelive.com\/?s={search_term_string}\"},\"query-input\":{\"@type\":\"PropertyValueSpecification\",\"valueRequired\":true,\"valueName\":\"search_term_string\"}}],\"inLanguage\":\"en-US\"},{\"@type\":\"Organization\",\"@id\":\"https:\/\/invokelive.com\/#organization\",\"name\":\"Invokelive.com\",\"url\":\"https:\/\/invokelive.com\/\",\"logo\":{\"@type\":\"ImageObject\",\"inLanguage\":\"en-US\",\"@id\":\"https:\/\/invokelive.com\/#\/schema\/logo\/image\/\",\"url\":\"https:\/\/invokelive.com\/wp-content\/uploads\/2026\/03\/hi.png\",\"contentUrl\":\"https:\/\/invokelive.com\/wp-content\/uploads\/2026\/03\/hi.png\",\"width\":1406,\"height\":573,\"caption\":\"Invokelive.com\"},\"image\":{\"@id\":\"https:\/\/invokelive.com\/#\/schema\/logo\/image\/\"}}]}<\/script>\n<!-- \/ Yoast SEO plugin. -->","yoast_head_json":{"title":"Invoke Live | Rengini\u0173 organizavimas ir patir\u010di\u0173 k\u016brimas","description":"Planuojate \u012fmon\u0117s rengin\u012f? Susisiekite su \u201eInvoke Live\u201c komanda. Profesionalus rengini\u0173 organizavimas ir patir\u010di\u0173 strategija.","robots":{"index":"index","follow":"follow","max-snippet":"max-snippet:-1","max-image-preview":"max-image-preview:large","max-video-preview":"max-video-preview:-1"},"canonical":"https:\/\/invokelive.com\/en\/kontaktai\/","og_locale":"en_US","og_type":"article","og_title":"Invoke Live | Rengini\u0173 organizavimas ir patir\u010di\u0173 k\u016brimas","og_description":"Planuojate \u012fmon\u0117s rengin\u012f? Susisiekite su \u201eInvoke Live\u201c komanda. Profesionalus rengini\u0173 organizavimas ir patir\u010di\u0173 strategija.","og_url":"https:\/\/invokelive.com\/en\/kontaktai\/","og_site_name":"Invokelive.com","article_modified_time":"2026-03-18T12:52:59+00:00","twitter_card":"summary_large_image","twitter_misc":{"Est. reading time":"1 minute"},"schema":{"@context":"https:\/\/schema.org","@graph":[{"@type":"WebPage","@id":"https:\/\/invokelive.com\/kontaktai\/","url":"https:\/\/invokelive.com\/kontaktai\/","name":"Invoke Live | Rengini\u0173 organizavimas ir patir\u010di\u0173 k\u016brimas","isPartOf":{"@id":"https:\/\/invokelive.com\/#website"},"datePublished":"2026-03-15T17:44:52+00:00","dateModified":"2026-03-18T12:52:59+00:00","description":"Planuojate \u012fmon\u0117s rengin\u012f? Susisiekite su \u201eInvoke Live\u201c komanda. Profesionalus rengini\u0173 organizavimas ir patir\u010di\u0173 strategija.","breadcrumb":{"@id":"https:\/\/invokelive.com\/kontaktai\/#breadcrumb"},"inLanguage":"en-US","potentialAction":[{"@type":"ReadAction","target":["https:\/\/invokelive.com\/kontaktai\/"]}]},{"@type":"BreadcrumbList","@id":"https:\/\/invokelive.com\/kontaktai\/#breadcrumb","itemListElement":[{"@type":"ListItem","position":1,"name":"Home","item":"https:\/\/invokelive.com\/"},{"@type":"ListItem","position":2,"name":"Kontaktai"}]},{"@type":"WebSite","@id":"https:\/\/invokelive.com\/#website","url":"https:\/\/invokelive.com\/","name":"Invokelive.com","description":"J\u016bs\u0173 rengini\u0173 partneris!","publisher":{"@id":"https:\/\/invokelive.com\/#organization"},"potentialAction":[{"@type":"SearchAction","target":{"@type":"EntryPoint","urlTemplate":"https:\/\/invokelive.com\/?s={search_term_string}"},"query-input":{"@type":"PropertyValueSpecification","valueRequired":true,"valueName":"search_term_string"}}],"inLanguage":"en-US"},{"@type":"Organization","@id":"https:\/\/invokelive.com\/#organization","name":"Invokelive.com","url":"https:\/\/invokelive.com\/","logo":{"@type":"ImageObject","inLanguage":"en-US","@id":"https:\/\/invokelive.com\/#\/schema\/logo\/image\/","url":"https:\/\/invokelive.com\/wp-content\/uploads\/2026\/03\/hi.png","contentUrl":"https:\/\/invokelive.com\/wp-content\/uploads\/2026\/03\/hi.png","width":1406,"height":573,"caption":"Invokelive.com"},"image":{"@id":"https:\/\/invokelive.com\/#\/schema\/logo\/image\/"}}]}},"_links":{"self":[{"href":"https:\/\/invokelive.com\/en\/wp-json\/wp\/v2\/pages\/8547","targetHints":{"allow":["GET"]}}],"collection":[{"href":"https:\/\/invokelive.com\/en\/wp-json\/wp\/v2\/pages"}],"about":[{"href":"https:\/\/invokelive.com\/en\/wp-json\/wp\/v2\/types\/page"}],"author":[{"embeddable":true,"href":"https:\/\/invokelive.com\/en\/wp-json\/wp\/v2\/users\/1"}],"replies":[{"embeddable":true,"href":"https:\/\/invokelive.com\/en\/wp-json\/wp\/v2\/comments?post=8547"}],"version-history":[{"count":52,"href":"https:\/\/invokelive.com\/en\/wp-json\/wp\/v2\/pages\/8547\/revisions"}],"predecessor-version":[{"id":9182,"href":"https:\/\/invokelive.com\/en\/wp-json\/wp\/v2\/pages\/8547\/revisions\/9182"}],"wp:attachment":[{"href":"https:\/\/invokelive.com\/en\/wp-json\/wp\/v2\/media?parent=8547"}],"curies":[{"name":"wp","href":"https:\/\/api.w.org\/{rel}","templated":true}]}}